{"id":563,"date":"2024-12-08T05:59:06","date_gmt":"2024-12-08T05:59:06","guid":{"rendered":"https:\/\/plg-log.site\/?page_id=563"},"modified":"2025-12-30T08:48:44","modified_gmt":"2025-12-30T08:48:44","slug":"land","status":"publish","type":"page","link":"https:\/\/de.perfect-logistics.ch\/index.php\/land\/","title":{"rendered":"Land"},"content":{"rendered":"\n\t<section class=\"section dark\" id=\"section_1590172206\">\n\t\t<div class=\"bg section-bg fill bg-fill  \" >\n\n\t\t\t\n\t\t\t<div class=\"section-bg-overlay absolute fill\"><\/div>\n\t\t\t\n\n\t\t<\/div>\n\n\t\t\n\n\t\t<div class=\"section-content relative\">\n\t\t\t\n\n\t<div id=\"gap-1920283317\" class=\"gap-element clearfix\" style=\"display:block; height:auto;\">\n\t\t\n<style>\n#gap-1920283317 {\n  padding-top: 60px;\n}\n@media (min-width:550px) {\n  #gap-1920283317 {\n    padding-top: 150px;\n  }\n}\n<\/style>\n\t<\/div>\n\t\n\n<div class=\"row\"  id=\"row-1454581787\">\n\n\n\t<div id=\"col-1068263095\" class=\"col medium-9 small-12 large-6\"  >\n\t\t\t\t<div class=\"col-inner\"  >\n\t\t\t\n\t\t\t\n\n<h1><span style=\"font-size: 150%;\">Landverkehr<\/span><\/h1>\n\n\t\t<\/div>\n\t\t\t\t\t<\/div>\n\n\t\n\n<\/div>\n\t<div id=\"gap-782440094\" class=\"gap-element clearfix\" style=\"display:block; height:auto;\">\n\t\t\n<style>\n#gap-782440094 {\n  padding-top: 50px;\n}\n@media (min-width:550px) {\n  #gap-782440094 {\n    padding-top: 20px;\n  }\n}\n@media (min-width:850px) {\n  #gap-782440094 {\n    padding-top: 150px;\n  }\n}\n<\/style>\n\t<\/div>\n\t\n\n\n\t\t<\/div>\n\n\t\t\n<style>\n#section_1590172206 {\n  padding-top: 30px;\n  padding-bottom: 30px;\n}\n#section_1590172206 .section-bg-overlay {\n  background-color: rgba(0, 0, 0, 0.41);\n}\n#section_1590172206 .section-bg.bg-loaded {\n  background-image: url(https:\/\/de.perfect-logistics.ch\/wp-content\/uploads\/2024\/10\/PNG-image-27.png);\n}\n#section_1590172206 .section-bg {\n  background-position: 69% 23%;\n}\n<\/style>\n\t<\/section>\n\t\n\t<section class=\"section\" id=\"section_1238175240\">\n\t\t<div class=\"bg section-bg fill bg-fill  bg-loaded\" >\n\n\t\t\t\n\t\t\t\n\t\t\t\n\n\t\t<\/div>\n\n\t\t\n\n\t\t<div class=\"section-content relative\">\n\t\t\t\n\n<div class=\"row\"  id=\"row-947889531\">\n\n\n\t<div id=\"col-1215436824\" class=\"col small-12 large-12\"  >\n\t\t\t\t<div class=\"col-inner\"  >\n\t\t\t\n\t\t\t\n\n<div class=\"row row-collapse align-middle\"  id=\"row-325763434\">\n\n\n\t<div id=\"col-1724369226\" class=\"col medium-5 small-12 large-4\"  >\n\t\t\t\t<div class=\"col-inner\"  >\n\t\t\t\n\t\t\t\n\n\n  <div class=\"banner has-hover\" id=\"banner-6425156\">\n          <div class=\"banner-inner fill\">\n        <div class=\"banner-bg fill\" >\n            <div class=\"bg fill bg-fill \"><\/div>\n                                    \n                    <\/div>\n\t\t\n        <div class=\"banner-layers container\">\n            <div class=\"fill banner-link\"><\/div>            \n\n   <div id=\"text-box-798929302\" class=\"text-box banner-layer x50 md-x50 lg-x50 y50 md-y50 lg-y50 res-text\">\n                                <div class=\"text-box-content text dark\">\n              \n              <div class=\"text-inner text-center\">\n                  \n\n\n              <\/div>\n           <\/div>\n                            \n<style>\n#text-box-798929302 {\n  width: 60%;\n}\n#text-box-798929302 .text-box-content {\n  font-size: 100%;\n}\n@media (min-width:550px) {\n  #text-box-798929302 {\n    width: 60%;\n  }\n}\n<\/style>\n    <\/div>\n \n\n        <\/div>\n      <\/div>\n\n            \n<style>\n#banner-6425156 {\n  padding-top: 400px;\n  background-color: rgb(244, 244, 244);\n}\n#banner-6425156 .bg.bg-loaded {\n  background-image: url(https:\/\/de.perfect-logistics.ch\/wp-content\/uploads\/2024\/12\/AdobeStock_101902599-1-scaled-1.jpeg);\n}\n#banner-6425156 .bg {\n  background-position: 92% 39%;\n}\n@media (min-width:550px) {\n  #banner-6425156 {\n    padding-top: 500px;\n  }\n}\n<\/style>\n  <\/div>\n\n\n\n\t\t<\/div>\n\t\t\t\t\t<\/div>\n\n\t\n\n\t<div id=\"col-1265771279\" class=\"col team-sorted-info medium-7 small-12 large-8\"  >\n\t\t\t\t<div class=\"col-inner\"  >\n\t\t\t\n\t\t\t\n\n<h2>Landverkehr<\/h2>\n<h6>Offener Zugang , Umfassend , Spezialisierte Frachtkompetenz<\/h6>\n\t<div id=\"gap-1590008455\" class=\"gap-element clearfix\" style=\"display:block; height:auto;\">\n\t\t\n<style>\n#gap-1590008455 {\n  padding-top: 20px;\n}\n<\/style>\n\t<\/div>\n\t\n\n<div class=\"flex-1 overflow-hidden @container\/thread\">\n<div class=\"h-full\">\n<div class=\"react-scroll-to-bottom--css-uxyso-79elbk h-full\">\n<div class=\"react-scroll-to-bottom--css-uxyso-1n7m0yu\">\n<div class=\"flex flex-col text-sm md:pb-9\">\n<article class=\"w-full scroll-mb-&#091;var(--thread-trailing-height,150px)&#093; text-token-text-primary focus-visible:outline-2 focus-visible:outline-offset-&#091;-4px&#093;\" dir=\"auto\" data-testid=\"conversation-turn-7\" data-scroll-anchor=\"true\">\n<div class=\"m-auto text-base py-&#091;18px&#093; px-3 md:px-4 w-full md:px-5 lg:px-4 xl:px-5\">\n<div class=\"mx-auto flex flex-1 gap-4 text-base md:gap-5 lg:gap-6 md:max-w-3xl\">\n<div class=\"group\/conversation-turn relative flex w-full min-w-0 flex-col agent-turn\">\n<div class=\"flex-col gap-1 md:gap-3\">\n<div class=\"flex max-w-full flex-col flex-grow\">\n<div class=\"min-h-8 text-message flex w-full flex-col items-end gap-2 whitespace-normal break-words text-start &#091;.text-message+&amp;&#093;:mt-5\" dir=\"auto\" data-message-author-role=\"assistant\" data-message-id=\"d8b88400-6906-4e96-b2ef-f1d25d12b49a\" data-message-model-slug=\"gpt-4o-mini\">\n<div class=\"flex w-full flex-col gap-1 empty:hidden first:pt-&#091;3px&#093;\">\n<div class=\"markdown prose w-full break-words dark:prose-invert light\">\n<p data-start=\"189\" data-end=\"488\">Mit uns stehen die Verkehrswege offen bis in den Nahen Osten und in die GUS-Staaten (C.I.S.). Unterst\u00fctzt von erfahrenen und hochqualifizierten Disponenten bieten wir ein umfassendes Leistungsspektrum \u2013 von <strong data-start=\"398\" data-end=\"421\">St\u00fcckgut (Groupage)<\/strong> \u00fcber <strong data-start=\"427\" data-end=\"449\">Teilladungen (LTL)<\/strong> bis hin zu <strong data-start=\"461\" data-end=\"487\">Komplettladungen (FTL)<\/strong>. Wir verbinden ganz Europa zuverl\u00e4ssig mit <strong data-start=\"532\" data-end=\"580\">Zentralasien, dem Nahen Osten und der T\u00fcrkei<\/strong>. Dar\u00fcber hinaus sind wir spezialisiert auf <strong data-start=\"624\" data-end=\"656\">temperaturgef\u00fchrte Sendungen<\/strong>, <strong data-start=\"658\" data-end=\"691\">\u00dcberma\u00df- und Schwertransporte<\/strong> sowie <strong data-start=\"698\" data-end=\"717\">Projektladungen<\/strong>, sodass auch komplexe logistische Anforderungen professionell und sicher abgewickelt werden.<\/p>\n<\/div>\n<\/div>\n<\/div>\n<\/div>\n<\/div>\n<\/div>\n<\/div>\n<\/div>\n<\/article>\n<\/div>\n<\/div>\n<\/div>\n<\/div>\n<\/div>\n<div class=\"md:pt-0 dark:border-white\/20 md:border-transparent md:dark:border-transparent w-full\">\n<div>\n<div class=\"m-auto text-base px-3 md:px-4 w-full md:px-5 lg:px-4 xl:px-5\">\n<div class=\"mx-auto flex flex-1 gap-4 text-base md:gap-5 lg:gap-6 md:max-w-3xl\">\n<div class=\"flex justify-center\">\u00a0<\/div>\n<\/div>\n<\/div>\n<\/div>\n<\/div>\n<div class=\"is-divider divider clearfix\" style=\"margin-top:1.2em;margin-bottom:1.2em;max-width:100%;height:2px;background-color:&quot;rgba(0,;\"><\/div>\n\n<div class=\"row row-small\"  id=\"row-1467020948\">\n\n\n\t<div id=\"col-1824546932\" class=\"col medium-&quot;12&quot; small-&quot;12&quot; large-7\"  >\n\t\t\t\t<div class=\"col-inner\"  >\n\t\t\t\n\t\t\t\n\n<div class=\"social-icons follow-icons full-width text-left\" style=\"font-size:90%\"><a href=\"#\" target=\"_blank\" rel=\"noopener noreferrer nofollow\" data-label=\"Facebook\" class=\"icon plain facebook tooltip\" title=\"Follow on Facebook\" aria-label=\"Follow on Facebook\" ><i class=\"icon-facebook\" ><\/i><\/a><a href=\"#\" target=\"_blank\" rel=\"noopener noreferrer nofollow\" data-label=\"Instagram\" class=\"icon plain instagram tooltip\" title=\"Follow on Instagram\" aria-label=\"Follow on Instagram\" ><i class=\"icon-instagram\" ><\/i><\/a><a href=\"#\" data-label=\"LinkedIn\" target=\"_blank\" rel=\"noopener noreferrer nofollow\" class=\"icon plain linkedin tooltip\" title=\"Follow on LinkedIn\" aria-label=\"Follow on LinkedIn\" ><i class=\"icon-linkedin\" ><\/i><\/a><\/div>\n\n\n\t\t<\/div>\n\t\t\t\t\t<\/div>\n\n\t\n\n\t<div id=\"col-860963479\" class=\"col medium-&quot;12&quot; small-&quot;12&quot; large-5\"  >\n\t\t\t\t<div class=\"col-inner\"  >\n\t\t\t\n\t\t\t\n\n<a href=\"https:\/\/de.perfect-logistics.ch\/index.php\/services-2\/\" target=\"_self\" class=\"button primary lowercase expand\"  >\n  <i class=\"icon-angle-right\" aria-hidden=\"true\" ><\/i>  <span>Weitere Dienstleistungen<\/span>\n  <\/a>\n\n\n\n\t\t<\/div>\n\t\t\t\t\t<\/div>\n\n\t\n\n<\/div>\n\n\t\t<\/div>\n\t\t\t\t\n<style>\n#col-1265771279 > .col-inner {\n  padding: 40px 40px 40px 40px;\n}\n<\/style>\n\t<\/div>\n\n\t\n\n<\/div>\n\n\t\t<\/div>\n\t\t\t\t\n<style>\n#col-1215436824 > .col-inner {\n  margin: 10px 0px 10px 0px;\n}\n<\/style>\n\t<\/div>\n\n\t\n\n\n<style>\n#row-947889531 > .col > .col-inner {\n  background-color: rgb(255,255,255);\n}\n<\/style>\n<\/div>\n\n\t\t<\/div>\n\n\t\t\n<style>\n#section_1238175240 {\n  padding-top: 60px;\n  padding-bottom: 60px;\n  background-color: rgb(228, 228, 228);\n}\n<\/style>\n\t<\/section>\n\t\n\n","protected":false},"excerpt":{"rendered":"Landverkehr Landverkehr Offener Zugang , Umfassend , Spezialisierte Frachtkompetenz Mit uns stehen die Verkehrswege offen bis in den Nahen Osten und in die GUS-Staaten (C.I.S.). Unterst\u00fctzt von erfahrenen und hochqualifizierten Disponenten bieten wir ein umfassendes Leistungsspektrum \u2013 von St\u00fcckgut (Groupage) \u00fcber Teilladungen (LTL) bis hin zu Komplettladungen (FTL). Wir verbinden ganz Europa zuverl\u00e4ssig mit Zentralasien, [...]","protected":false},"author":1,"featured_media":0,"parent":0,"menu_order":0,"comment_status":"closed","ping_status":"closed","template":"elementor_header_footer","meta":{"footnotes":""},"class_list":["post-563","page","type-page","status-publish","hentry"],"_links":{"self":[{"href":"https:\/\/de.perfect-logistics.ch\/index.php\/wp-json\/wp\/v2\/pages\/563","targetHints":{"allow":["GET"]}}],"collection":[{"href":"https:\/\/de.perfect-logistics.ch\/index.php\/wp-json\/wp\/v2\/pages"}],"about":[{"href":"https:\/\/de.perfect-logistics.ch\/index.php\/wp-json\/wp\/v2\/types\/page"}],"author":[{"embeddable":true,"href":"https:\/\/de.perfect-logistics.ch\/index.php\/wp-json\/wp\/v2\/users\/1"}],"replies":[{"embeddable":true,"href":"https:\/\/de.perfect-logistics.ch\/index.php\/wp-json\/wp\/v2\/comments?post=563"}],"version-history":[{"count":1,"href":"https:\/\/de.perfect-logistics.ch\/index.php\/wp-json\/wp\/v2\/pages\/563\/revisions"}],"predecessor-version":[{"id":715,"href":"https:\/\/de.perfect-logistics.ch\/index.php\/wp-json\/wp\/v2\/pages\/563\/revisions\/715"}],"wp:attachment":[{"href":"https:\/\/de.perfect-logistics.ch\/index.php\/wp-json\/wp\/v2\/media?parent=563"}],"curies":[{"name":"wp","href":"https:\/\/api.w.org\/{rel}","templated":true}]}}