{"id":356,"date":"2024-11-12T11:25:55","date_gmt":"2024-11-12T11:25:55","guid":{"rendered":"https:\/\/plg-log.site\/?page_id=356"},"modified":"2025-12-30T09:42:07","modified_gmt":"2025-12-30T09:42:07","slug":"contact-us-2","status":"publish","type":"page","link":"https:\/\/de.perfect-logistics.ch\/index.php\/contact-us-2\/","title":{"rendered":"Contact us 2"},"content":{"rendered":"\n\t<section class=\"section dark has-parallax\" id=\"section_1938692816\">\n\t\t<div class=\"bg section-bg fill bg-fill  \" data-parallax-container=\".section\" data-parallax-background data-parallax=\"-4\">\n\n\t\t\t\n\t\t\t\n\t\t\t\n\n\t\t<\/div>\n\n\t\t\n\n\t\t<div class=\"section-content relative\">\n\t\t\t\n\n<div class=\"row\"  id=\"row-1005221558\">\n\n\n\t<div id=\"col-1278228874\" class=\"col small-12 large-12\"  >\n\t\t\t\t<div class=\"col-inner text-center\"  >\n\t\t\t\n\t\t\t\n\n\n\t\t<\/div>\n\t\t\t\t\n<style>\n#col-1278228874 > .col-inner {\n  padding: 20px 0px 0px 0px;\n}\n<\/style>\n\t<\/div>\n\n\t\n\n<\/div>\n\n\t\t<\/div>\n\n\t\t\n<style>\n#section_1938692816 {\n  padding-top: 140px;\n  padding-bottom: 140px;\n}\n#section_1938692816 .section-bg.bg-loaded {\n  background-image: url(https:\/\/de.perfect-logistics.ch\/wp-content\/uploads\/2024\/12\/photo_2024-12-02_17-30-06.jpg);\n}\n#section_1938692816 .section-bg {\n  background-position: 71% 49%;\n}\n<\/style>\n\t<\/section>\n\t\n\t<section class=\"section\" id=\"section_651492047\">\n\t\t<div class=\"bg section-bg fill bg-fill  bg-loaded\" >\n\n\t\t\t\n\t\t\t\n\t\t\t\n\n\t\t<\/div>\n\n\t\t\n\n\t\t<div class=\"section-content relative\">\n\t\t\t\n\n<div class=\"row\"  id=\"row-957962203\">\n\n\n\t<div id=\"col-1156179767\" class=\"col small-12 large-12\"  >\n\t\t\t\t<div class=\"col-inner\"  >\n\t\t\t\n\t\t\t\n\n\t<div id=\"text-3363792779\" class=\"text\">\n\t\t\n\n<h2 class=\"uppercase\">KONTAKT<\/h2>\n<p data-start=\"130\" data-end=\"411\"><strong>Individuelle Betreuung ist der Schl\u00fcssel zu dem hohen Serviceniveau, das Sie von uns erwarten d\u00fcrfen.Wenn Sie Informationen ben\u00f6tigen oder Unterst\u00fctzung w\u00fcnschen, kontaktieren Sie uns gerne jederzeit oder schreiben Sie uns einfach eine E-Mail an office@perfect-logistics.ch.<\/strong><\/p>\n\t\t\n<style>\n#text-3363792779 {\n  text-align: center;\n  color: rgb(255,255,255);\n}\n#text-3363792779 > * {\n  color: rgb(255,255,255);\n}\n<\/style>\n\t<\/div>\n\t\n\n\t\t<\/div>\n\t\t\t\t\n<style>\n#col-1156179767 > .col-inner {\n  padding: 0px 0px 0px 0px;\n  margin: -2px 0px -54px 0px;\n}\n<\/style>\n\t<\/div>\n\n\t\n\n<\/div>\n\n\t\t<\/div>\n\n\t\t\n<style>\n#section_651492047 {\n  padding-top: 30px;\n  padding-bottom: 30px;\n  background-color: rgb(20, 52, 89);\n}\n<\/style>\n\t<\/section>\n\t\n\t<section class=\"section\" id=\"section_625077771\">\n\t\t<div class=\"bg section-bg fill bg-fill  bg-loaded\" >\n\n\t\t\t\n\t\t\t\n\t\t\t\n\n\t\t<\/div>\n\n\t\t\n\n\t\t<div class=\"section-content relative\">\n\t\t\t\n\n<div class=\"row\"  id=\"row-1174887393\">\n\n\n\t<div id=\"col-1635619745\" class=\"col small-12 large-12\"  >\n\t\t\t\t<div class=\"col-inner\" style=\"background-color:rgb(255,255,255);\" >\n\t\t\t\n\t\t\t\n\n<div class=\"row\"  id=\"row-997663282\">\n\n\n\t<div id=\"col-62969477\" class=\"col small-12 large-12\"  >\n\t\t\t\t<div class=\"col-inner\"  >\n\t\t\t\n\t\t\t\n\n<div class=\"row\"  id=\"row-741490483\">\n\n\n\t<div id=\"col-1211348190\" class=\"col medium-6 small-12 large-6\"  >\n\t\t\t\t<div class=\"col-inner\"  >\n\t\t\t\n\t\t\t\n\n\t<div id=\"text-1020012565\" class=\"text\">\n\t\t\n\n<h2>Hauptsitz<\/h2>\n\t\t\n<style>\n#text-1020012565 {\n  color: rgb(0, 0, 0);\n}\n#text-1020012565 > * {\n  color: rgb(0, 0, 0);\n}\n<\/style>\n\t<\/div>\n\t\n<div class=\"row\"  id=\"row-196336020\">\n\n\n\t<div id=\"col-1243387780\" class=\"col medium-2 small-12 large-2\"  >\n\t\t\t\t<div class=\"col-inner\"  >\n\t\t\t\n\t\t\t\n\n\t<div class=\"img has-hover x md-x lg-x y md-y lg-y\" id=\"image_1431856635\">\n\t\t\t\t\t\t\t\t<div class=\"img-inner dark\" >\n\t\t\t<img decoding=\"async\" width=\"120\" height=\"120\" src=\"https:\/\/de.perfect-logistics.ch\/wp-content\/uploads\/2024\/11\/phone-fill.png\" class=\"attachment-large size-large\" alt=\"\" \/>\t\t\t\t\t\t\n\t\t\t\t\t<\/div>\n\t\t\t\t\t\t\t\t\n<style>\n#image_1431856635 {\n  width: 59%;\n}\n<\/style>\n\t<\/div>\n\t\n\n\t<div class=\"img has-hover x md-x lg-x y md-y lg-y\" id=\"image_2076723600\">\n\t\t\t\t\t\t\t\t<div class=\"img-inner dark\" >\n\t\t\t<img decoding=\"async\" width=\"120\" height=\"120\" src=\"https:\/\/de.perfect-logistics.ch\/wp-content\/uploads\/2024\/11\/mail-fill.png\" class=\"attachment-large size-large\" alt=\"\" \/>\t\t\t\t\t\t\n\t\t\t\t\t<\/div>\n\t\t\t\t\t\t\t\t\n<style>\n#image_2076723600 {\n  width: 59%;\n}\n<\/style>\n\t<\/div>\n\t\n\n\t<div class=\"img has-hover x md-x lg-x y md-y lg-y\" id=\"image_351118547\">\n\t\t\t\t\t\t\t\t<div class=\"img-inner dark\" >\n\t\t\t<img decoding=\"async\" width=\"120\" height=\"120\" src=\"https:\/\/de.perfect-logistics.ch\/wp-content\/uploads\/2024\/11\/map-pin-2-fill.png\" class=\"attachment-large size-large\" alt=\"\" \/>\t\t\t\t\t\t\n\t\t\t\t\t<\/div>\n\t\t\t\t\t\t\t\t\n<style>\n#image_351118547 {\n  width: 59%;\n}\n<\/style>\n\t<\/div>\n\t\n\n\n\t\t<\/div>\n\t\t\t\t\n<style>\n#col-1243387780 > .col-inner {\n  padding: 0px 0px 0px 0px;\n}\n<\/style>\n\t<\/div>\n\n\t\n\n\t<div id=\"col-1920401872\" class=\"col medium-10 small-12 large-10\"  >\n\t\t\t\t<div class=\"col-inner\"  >\n\t\t\t\n\t\t\t\n\n\t<div id=\"text-72497822\" class=\"text\">\n\t\t\n\n<p>+41 43 816 52 12<\/p>\n\t\t\n<style>\n#text-72497822 {\n  color: rgb(0, 0, 0);\n}\n#text-72497822 > * {\n  color: rgb(0, 0, 0);\n}\n<\/style>\n\t<\/div>\n\t\n\t<div id=\"text-2966325368\" class=\"text\">\n\t\t\n\n<p>office@perfect-logistics.ch<\/p>\n\t\t\n<style>\n#text-2966325368 {\n  color: rgb(0, 0, 0);\n}\n#text-2966325368 > * {\n  color: rgb(0, 0, 0);\n}\n<\/style>\n\t<\/div>\n\t\n\t<div id=\"text-2931346641\" class=\"text\">\n\t\t\n\n<p><strong data-start=\"499\" data-end=\"525\">Perfect Logistics GmbH<\/strong><br data-start=\"525\" data-end=\"528\" \/>Neue Jonastrasse 90<br data-start=\"547\" data-end=\"550\" \/>8640 Rapperswil<br data-start=\"565\" data-end=\"568\" \/>Schweiz<\/p>\n\t\t\n<style>\n#text-2931346641 {\n  color: rgb(0, 0, 0);\n}\n#text-2931346641 > * {\n  color: rgb(0, 0, 0);\n}\n<\/style>\n\t<\/div>\n\t\n\n\t\t<\/div>\n\t\t\t\t\n<style>\n#col-1920401872 > .col-inner {\n  padding: 0px 0px 0px 0px;\n}\n<\/style>\n\t<\/div>\n\n\t\n\n\n<style>\n#row-196336020 > .col > .col-inner {\n  padding: 0px 0px 0px 0px;\n}\n<\/style>\n<\/div>\n\t<div id=\"gap-865754240\" class=\"gap-element clearfix\" style=\"display:block; height:auto;\">\n\t\t\n<style>\n#gap-865754240 {\n  padding-top: 30px;\n}\n<\/style>\n\t<\/div>\n\t\n\n\t<div id=\"text-2597871905\" class=\"text\">\n\t\t\n\n<h2><strong>Lager<\/strong><\/h2>\n\t\t\n<style>\n#text-2597871905 {\n  color: rgb(0, 0, 0);\n}\n#text-2597871905 > * {\n  color: rgb(0, 0, 0);\n}\n<\/style>\n\t<\/div>\n\t\n<div class=\"row\"  id=\"row-1798661785\">\n\n\n\t<div id=\"col-1086611715\" class=\"col medium-2 small-12 large-2\"  >\n\t\t\t\t<div class=\"col-inner\"  >\n\t\t\t\n\t\t\t\n\n\t<div class=\"img has-hover x md-x lg-x y md-y lg-y\" id=\"image_2092968884\">\n\t\t\t\t\t\t\t\t<div class=\"img-inner dark\" >\n\t\t\t<img decoding=\"async\" width=\"120\" height=\"120\" src=\"https:\/\/de.perfect-logistics.ch\/wp-content\/uploads\/2024\/11\/phone-fill.png\" class=\"attachment-large size-large\" alt=\"\" \/>\t\t\t\t\t\t\n\t\t\t\t\t<\/div>\n\t\t\t\t\t\t\t\t\n<style>\n#image_2092968884 {\n  width: 59%;\n}\n<\/style>\n\t<\/div>\n\t\n\n\t<div class=\"img has-hover x md-x lg-x y md-y lg-y\" id=\"image_1537884358\">\n\t\t\t\t\t\t\t\t<div class=\"img-inner dark\" >\n\t\t\t<img decoding=\"async\" width=\"120\" height=\"120\" src=\"https:\/\/de.perfect-logistics.ch\/wp-content\/uploads\/2024\/11\/mail-fill.png\" class=\"attachment-large size-large\" alt=\"\" \/>\t\t\t\t\t\t\n\t\t\t\t\t<\/div>\n\t\t\t\t\t\t\t\t\n<style>\n#image_1537884358 {\n  width: 59%;\n}\n<\/style>\n\t<\/div>\n\t\n\n\t<div class=\"img has-hover x md-x lg-x y md-y lg-y\" id=\"image_269864547\">\n\t\t\t\t\t\t\t\t<div class=\"img-inner dark\" >\n\t\t\t<img decoding=\"async\" width=\"120\" height=\"120\" src=\"https:\/\/de.perfect-logistics.ch\/wp-content\/uploads\/2024\/11\/map-pin-2-fill.png\" class=\"attachment-large size-large\" alt=\"\" \/>\t\t\t\t\t\t\n\t\t\t\t\t<\/div>\n\t\t\t\t\t\t\t\t\n<style>\n#image_269864547 {\n  width: 59%;\n}\n<\/style>\n\t<\/div>\n\t\n\n\n\t\t<\/div>\n\t\t\t\t\n<style>\n#col-1086611715 > .col-inner {\n  padding: 0px 0px 0px 0px;\n}\n<\/style>\n\t<\/div>\n\n\t\n\n\t<div id=\"col-693257912\" class=\"col medium-10 small-12 large-10\"  >\n\t\t\t\t<div class=\"col-inner\"  >\n\t\t\t\n\t\t\t\n\n\t<div id=\"text-3948429997\" class=\"text\">\n\t\t\n\n<p>+41 43 816 52 12<\/p>\n\t\t\n<style>\n#text-3948429997 {\n  color: rgb(0, 0, 0);\n}\n#text-3948429997 > * {\n  color: rgb(0, 0, 0);\n}\n<\/style>\n\t<\/div>\n\t\n\t<div id=\"text-3300046106\" class=\"text\">\n\t\t\n\n<p>office@perfect-logistics.ch<\/p>\n\t\t\n<style>\n#text-3300046106 {\n  color: rgb(0, 0, 0);\n}\n#text-3300046106 > * {\n  color: rgb(0, 0, 0);\n}\n<\/style>\n\t<\/div>\n\t\n\t<div id=\"text-3483198387\" class=\"text\">\n\t\t\n\n<p><strong data-start=\"659\" data-end=\"685\">Perfect Logistics GmbH<\/strong><br data-start=\"685\" data-end=\"688\" \/>c\/o T-Sped AG<br data-start=\"701\" data-end=\"704\" \/>Embraport 7, Geb\u00e4ude G1<br data-start=\"727\" data-end=\"730\" \/>8424 Embrach, Schweiz<\/p>\n\t\t\n<style>\n#text-3483198387 {\n  color: rgb(0, 0, 0);\n}\n#text-3483198387 > * {\n  color: rgb(0, 0, 0);\n}\n<\/style>\n\t<\/div>\n\t\n\n\t\t<\/div>\n\t\t\t\t\n<style>\n#col-693257912 > .col-inner {\n  padding: 0px 0px 0px 0px;\n}\n<\/style>\n\t<\/div>\n\n\t\n\n\n<style>\n#row-1798661785 > .col > .col-inner {\n  padding: 0px 0px 0px 0px;\n}\n<\/style>\n<\/div>\n\n\t\t<\/div>\n\t\t\t\t\t<\/div>\n\n\t\n\n\t<div id=\"col-1557263471\" class=\"col medium-6 small-12 large-6\"  >\n\t\t\t\t<div class=\"col-inner\"  >\n\t\t\t\n\t\t\t\n\n<style id=\"wpforms-css-vars-729\">\n\t\t\t\t#wpforms-729 {\n\t\t\t\t--wpforms-container-padding: 0px;\n--wpforms-container-border-width: 1px;\n--wpforms-container-border-radius: 3px;\n--wpforms-background-color: rgba(0, 0, 0, 0);\n--wpforms-field-size-input-height: 43px;\n--wpforms-field-size-input-spacing: 15px;\n--wpforms-field-size-font-size: 16px;\n--wpforms-field-size-line-height: 19px;\n--wpforms-field-size-padding-h: 14px;\n--wpforms-field-size-checkbox-size: 16px;\n--wpforms-field-size-sublabel-spacing: 5px;\n--wpforms-field-size-icon-size: 1;\n--wpforms-label-size-font-size: 16px;\n--wpforms-label-size-line-height: 19px;\n--wpforms-label-size-sublabel-font-size: 14px;\n--wpforms-label-size-sublabel-line-height: 17px;\n--wpforms-button-size-font-size: 17px;\n--wpforms-button-size-height: 41px;\n--wpforms-button-size-padding-h: 15px;\n--wpforms-button-size-margin-top: 10px;\n--wpforms-container-shadow-size-box-shadow: none;\n\t\t\t}\n\t\t\t<\/style><div class=\"wpforms-container wpforms-container-full wpforms-render-modern\" id=\"wpforms-729\"><form id=\"wpforms-form-729\" class=\"wpforms-validate wpforms-form wpforms-ajax-form\" data-formid=\"729\" method=\"post\" enctype=\"multipart\/form-data\" action=\"\/index.php\/wp-json\/wp\/v2\/pages\/356\" data-token=\"bfe8ed6339ed9ea10d74cad8097fa204\" data-token-time=\"1777481787\"><noscript class=\"wpforms-error-noscript\">Please enable JavaScript in your browser to complete this form.<\/noscript><div id=\"wpforms-error-noscript\" style=\"display: none;\">Please enable JavaScript in your browser to complete this form.<\/div><div class=\"wpforms-field-container\">\t\t<div id=\"wpforms-729-field_1-container\"\n\t\t\tclass=\"wpforms-field wpforms-field-text\"\n\t\t\tdata-field-type=\"text\"\n\t\t\tdata-field-id=\"1\"\n\t\t\t>\n\t\t\t<label class=\"wpforms-field-label\" for=\"wpforms-729-field_1\" ><\/label>\n\t\t\t<input type=\"text\" id=\"wpforms-729-field_1\" class=\"wpforms-field-medium\" name=\"wpforms[fields][1]\" >\n\t\t<\/div>\n\t\t<div id=\"wpforms-729-field_2-container\" class=\"wpforms-field wpforms-field-name\" data-field-id=\"2\"><fieldset><legend class=\"wpforms-field-label\"> <span class=\"wpforms-required-label\" aria-hidden=\"true\">*<\/span><\/legend><div class=\"wpforms-field-row wpforms-field-medium\"><div class=\"wpforms-field-row-block wpforms-first wpforms-one-half\"><input type=\"text\" id=\"wpforms-729-field_2\" class=\"wpforms-field-name-first wpforms-field-required\" name=\"wpforms[fields][2][first]\" placeholder=\"Vorname\" aria-errormessage=\"wpforms-729-field_2-error\" required><label for=\"wpforms-729-field_2\" class=\"wpforms-field-sublabel after\">First<\/label><\/div><div class=\"wpforms-field-row-block wpforms-one-half\"><input type=\"text\" id=\"wpforms-729-field_2-last\" class=\"wpforms-field-name-last wpforms-field-required\" name=\"wpforms[fields][2][last]\" placeholder=\"Nachname\" aria-errormessage=\"wpforms-729-field_2-last-error\" required><label for=\"wpforms-729-field_2-last\" class=\"wpforms-field-sublabel after\">Last<\/label><\/div><\/div><\/fieldset><\/div><div id=\"wpforms-729-field_3-container\" class=\"wpforms-field wpforms-field-email\" data-field-id=\"3\"><input type=\"email\" id=\"wpforms-729-field_3\" class=\"wpforms-field-medium wpforms-field-required\" name=\"wpforms[fields][3]\" placeholder=\"E-Mail\" spellcheck=\"false\" aria-errormessage=\"wpforms-729-field_3-error\" required><\/div><div id=\"wpforms-729-field_4-container\" class=\"wpforms-field wpforms-field-textarea\" data-field-id=\"4\"><textarea id=\"wpforms-729-field_4\" class=\"wpforms-field-medium\" name=\"wpforms[fields][4]\" placeholder=\"Kommentar oder Nachricht\" aria-errormessage=\"wpforms-729-field_4-error\" ><\/textarea><\/div><script>\n\t\t\t\t( function() {\n\t\t\t\t\tconst style = document.createElement( 'style' );\n\t\t\t\t\tstyle.appendChild( document.createTextNode( '#wpforms-729-field_1-container { position: absolute !important; overflow: hidden !important; display: inline !important; height: 1px !important; width: 1px !important; z-index: -1000 !important; padding: 0 !important; } #wpforms-729-field_1-container input { visibility: hidden; } #wpforms-conversational-form-page #wpforms-729-field_1-container label { counter-increment: none; }' ) );\n\t\t\t\t\tdocument.head.appendChild( style );\n\t\t\t\t\tdocument.currentScript?.remove();\n\t\t\t\t} )();\n\t\t\t<\/script><\/div><!-- .wpforms-field-container --><div class=\"wpforms-submit-container\" ><input type=\"hidden\" name=\"wpforms[id]\" value=\"729\"><input type=\"hidden\" name=\"page_title\" value=\"\"><input type=\"hidden\" name=\"page_url\" value=\"https:\/\/de.perfect-logistics.ch\/index.php\/wp-json\/wp\/v2\/pages\/356\"><input type=\"hidden\" name=\"url_referer\" value=\"\"><button type=\"submit\" name=\"wpforms[submit]\" id=\"wpforms-submit-729\" class=\"wpforms-submit\" data-alt-text=\"Sending...\" data-submit-text=\"Absenden\" aria-live=\"assertive\" value=\"wpforms-submit\">Absenden<\/button><img loading=\"lazy\" decoding=\"async\" src=\"https:\/\/de.perfect-logistics.ch\/wp-content\/plugins\/wpforms-lite\/assets\/images\/submit-spin.svg\" class=\"wpforms-submit-spinner\" style=\"display: none;\" width=\"26\" height=\"26\" alt=\"Loading\"><\/div><\/form><\/div>  <!-- .wpforms-container -->\n\n\n\t\t<\/div>\n\t\t\t\t\t<\/div>\n\n\t\n\n<\/div>\n\n\t\t<\/div>\n\t\t\t\t\t<\/div>\n\n\t\n\n\n<style>\n#row-997663282 > .col > .col-inner {\n  padding: 20px 20px 20px 20px;\n}\n<\/style>\n<\/div>\n\n\t\t<\/div>\n\t\t\t\t\t<\/div>\n\n\t\n\n<\/div>\n\n\t\t<\/div>\n\n\t\t\n<style>\n#section_625077771 {\n  padding-top: 30px;\n  padding-bottom: 30px;\n  background-color: rgb(20, 52, 89);\n}\n<\/style>\n\t<\/section>\n\t\n\n","protected":false},"excerpt":{"rendered":"KONTAKT Individuelle Betreuung ist der Schl\u00fcssel zu dem hohen Serviceniveau, das Sie von uns erwarten d\u00fcrfen.Wenn Sie Informationen ben\u00f6tigen oder Unterst\u00fctzung w\u00fcnschen, kontaktieren Sie uns gerne jederzeit oder schreiben Sie uns einfach eine E-Mail an office@perfect-logistics.ch. Hauptsitz +41 43 816 52 12 office@perfect-logistics.ch Perfect Logistics GmbHNeue Jonastrasse 908640 RapperswilSchweiz Lager +41 43 816 52 12 [...]","protected":false},"author":1,"featured_media":0,"parent":0,"menu_order":0,"comment_status":"closed","ping_status":"closed","template":"elementor_header_footer","meta":{"footnotes":""},"class_list":["post-356","page","type-page","status-publish","hentry"],"_links":{"self":[{"href":"https:\/\/de.perfect-logistics.ch\/index.php\/wp-json\/wp\/v2\/pages\/356","targetHints":{"allow":["GET"]}}],"collection":[{"href":"https:\/\/de.perfect-logistics.ch\/index.php\/wp-json\/wp\/v2\/pages"}],"about":[{"href":"https:\/\/de.perfect-logistics.ch\/index.php\/wp-json\/wp\/v2\/types\/page"}],"author":[{"embeddable":true,"href":"https:\/\/de.perfect-logistics.ch\/index.php\/wp-json\/wp\/v2\/users\/1"}],"replies":[{"embeddable":true,"href":"https:\/\/de.perfect-logistics.ch\/index.php\/wp-json\/wp\/v2\/comments?post=356"}],"version-history":[{"count":2,"href":"https:\/\/de.perfect-logistics.ch\/index.php\/wp-json\/wp\/v2\/pages\/356\/revisions"}],"predecessor-version":[{"id":732,"href":"https:\/\/de.perfect-logistics.ch\/index.php\/wp-json\/wp\/v2\/pages\/356\/revisions\/732"}],"wp:attachment":[{"href":"https:\/\/de.perfect-logistics.ch\/index.php\/wp-json\/wp\/v2\/media?parent=356"}],"curies":[{"name":"wp","href":"https:\/\/api.w.org\/{rel}","templated":true}]}}