{"id":334,"date":"2024-11-12T09:47:07","date_gmt":"2024-11-12T09:47:07","guid":{"rendered":"https:\/\/plg-log.site\/?page_id=334"},"modified":"2025-12-30T09:28:53","modified_gmt":"2025-12-30T09:28:53","slug":"services-2","status":"publish","type":"page","link":"https:\/\/de.perfect-logistics.ch\/index.php\/services-2\/","title":{"rendered":"Services 2"},"content":{"rendered":"\n\n  <div class=\"banner has-hover is-full-height\" id=\"banner-817400980\">\n          <div class=\"banner-inner fill\">\n        <div class=\"banner-bg fill\" >\n            <div class=\"bg fill bg-fill \"><\/div>\n                        <div class=\"overlay\"><\/div>            \n                    <\/div>\n\t\t\n        <div class=\"banner-layers container\">\n            <div class=\"fill banner-link\"><\/div>            \n\n   <div id=\"text-box-1096240384\" class=\"text-box banner-layer x50 md-x50 lg-x50 y50 md-y50 lg-y50 res-text\">\n                                <div class=\"text-box-content text dark\">\n              \n              <div class=\"text-inner text-center\">\n                  \n\n\t<div id=\"text-2862815108\" class=\"text\">\n\t\t\n\n<section id=\"section_1743014093\" class=\"section\">\n<div class=\"section-content relative\">\n<div id=\"row-1390996728\" class=\"row\">\n<div id=\"col-1655704567\" class=\"col small-12 large-12\">\n<div class=\"col-inner\">\n<div id=\"text-2144256514\" class=\"text\">\n<h1 style=\"text-align: center;\">Wir vereinfachen Ihre Transport- und Logistikprozesse \u2013 pers\u00f6nlich, effizient und zuverl\u00e4ssig.<\/h1>\n<\/div>\n<\/div>\n<\/div>\n<\/div>\n<\/div>\n<\/section>\n\t\t\n<style>\n#text-2862815108 {\n  text-align: center;\n}\n<\/style>\n\t<\/div>\n\t\n<a href=\"https:\/\/de.perfect-logistics.ch\/index.php\/services-2\/#ser\" target=\"_self\" class=\"button white is-large\"  style=\"border-radius:3px;padding:7px 30px 7px 30px;\">\n    <span>Mehr erfahren<\/span>\n  <\/a>\n\n\n\n              <\/div>\n           <\/div>\n                            \n<style>\n#text-box-1096240384 .text-inner {\n  padding: 30px 0px 0px 0px;\n}\n#text-box-1096240384 {\n  width: 83%;\n}\n#text-box-1096240384 .text-box-content {\n  font-size: 100%;\n}\n@media (min-width:550px) {\n  #text-box-1096240384 {\n    width: 81%;\n  }\n}\n@media (min-width:850px) {\n  #text-box-1096240384 {\n    width: 100%;\n  }\n}\n<\/style>\n    <\/div>\n \n   <div id=\"text-box-255479329\" class=\"text-box banner-layer x&quot;50&quot; md-x&quot;50&quot; lg-x&quot;50&quot; y&quot;100&quot; md-y&quot;100&quot; lg-y&quot;100&quot; res-text\">\n                                <div class=\"text-box-content text dark\">\n              \n              <div class=\"text-inner text-center\">\n                  \n\n\t<div id=\"gap-2131575995\" class=\"gap-element clearfix\" style=\"display:block; height:auto;\">\n\t\t\n<style>\n#gap-2131575995 {\n  padding-top: 18px;\n}\n<\/style>\n\t<\/div>\n\t\n\n\n              <\/div>\n           <\/div>\n                            \n<style>\n#text-box-255479329 {\n  width: 60%;\n}\n#text-box-255479329 .text-box-content {\n  font-size: 100%;\n}\n<\/style>\n    <\/div>\n \n\n        <\/div>\n      <\/div>\n\n            \n<style>\n#banner-817400980 {\n  padding-top: 100%;\n}\n#banner-817400980 .bg.bg-loaded {\n  background-image: url(https:\/\/de.perfect-logistics.ch\/wp-content\/uploads\/2024\/11\/PNG-image-34.png);\n}\n#banner-817400980 .overlay {\n  background-color: rgba(0, 0, 0, 0.64);\n}\n<\/style>\n  <\/div>\n\n\n\t<section class=\"section\" id=\"section_969240879\">\n\t\t<div class=\"bg section-bg fill bg-fill  bg-loaded\" >\n\n\t\t\t\n\t\t\t\n\t\t\t\n\n\t\t<\/div>\n\n\t\t\n\n\t\t<div class=\"section-content relative\">\n\t\t\t\n\n<div class=\"row align-&quot;center&quot;\"  id=\"row-539301248\">\n\n\n\t<div id=\"col-356624072\" class=\"col small-&quot;12&quot; large-12\"  >\n\t\t\t\t<div class=\"col-inner text-&quot;center&quot;\"  >\n\t\t\t\n\t\t\t\n\n<span class=\"scroll-to\" data-label=\"Scroll to: #ser\" data-bullet=\"false\" data-link=\"#ser\" data-title=\"ser\" ><a name=\"ser\"><\/a><\/span>\n\n\t<div id=\"text-1206091821\" class=\"text\">\n\t\t\n\n<h2 data-start=\"307\" data-end=\"331\">Dienstleistungen<\/h2>\n\t\t\n<style>\n#text-1206091821 {\n  font-size: 0rem;\n  text-align: center;\n  color: rgb(255,255,255);\n}\n#text-1206091821 > * {\n  color: rgb(255,255,255);\n}\n<\/style>\n\t<\/div>\n\t\n\n\t\t<\/div>\n\t\t\t\t\t<\/div>\n\n\t\n\n<\/div>\n<div class=\"row\"  id=\"row-2013404205\">\n\n\n\t<div id=\"col-1360924271\" class=\"col medium-4 small-12 large-4\"  >\n\t\t\t\t<div class=\"col-inner\"  >\n\t\t\t\n\t\t\t\n\n<div class=\"row\"  id=\"row-70880102\">\n\n\n\t<div id=\"col-208949618\" class=\"col small-12 large-12\"  >\n\t\t\t\t<div class=\"col-inner\"  >\n\t\t\t\n\t\t\t\n\n<div class=\"row row-collapse row-dashed\"  id=\"row-462931586\">\n\n\n\t<div id=\"col-1698179174\" class=\"col small-12 large-12\"  >\n\t\t\t\t<div class=\"col-inner\"  >\n\t\t\t\n\t\t\t\n\n\t<div class=\"img has-hover x md-x lg-x y md-y lg-y\" id=\"image_577426773\">\n\t\t\t\t\t\t\t\t<div class=\"img-inner image-cover dark\" style=\"padding-top:65%;margin:0px 0px -47px 0px;\">\n\t\t\t<img fetchpriority=\"high\" decoding=\"async\" width=\"677\" height=\"369\" src=\"https:\/\/de.perfect-logistics.ch\/wp-content\/uploads\/2024\/11\/PNG-image-19.png\" class=\"attachment-large size-large\" alt=\"\" srcset=\"https:\/\/de.perfect-logistics.ch\/wp-content\/uploads\/2024\/11\/PNG-image-19.png 677w, https:\/\/de.perfect-logistics.ch\/wp-content\/uploads\/2024\/11\/PNG-image-19-300x164.png 300w\" sizes=\"(max-width: 677px) 100vw, 677px\" \/>\t\t\t\t\t\t\n\t\t\t\t\t<\/div>\n\t\t\t\t\t\t\t\t\n<style>\n#image_577426773 {\n  width: 100%;\n}\n<\/style>\n\t<\/div>\n\t\n\n<div class=\"row row-collapse align-center\" style=\"max-width:90%\" id=\"row-1325530337\">\n\n\n\t<div id=\"col-964298520\" class=\"col small-12 large-12\"  >\n\t\t\t\t<div class=\"col-inner\"  >\n\t\t\t\n\t\t\t\n\n\t<div id=\"text-3554396399\" class=\"text\">\n\t\t\n\n<p style=\"text-align: center;\"><a href=\"https:\/\/de.perfect-logistics.ch\/index.php\/air-freight\/\"><strong>LUFTFRACHT<\/strong><\/a><br \/>Professionell , Flexibel , Schnell , Effizient<\/p>\n\t\t\n<style>\n#text-3554396399 {\n  text-align: center;\n  color: rgb(52, 50, 61);\n}\n#text-3554396399 > * {\n  color: rgb(52, 50, 61);\n}\n<\/style>\n\t<\/div>\n\t\n\n\t\t<\/div>\n\t\t\t\t\t<\/div>\n\n\t\n\n\n<style>\n#row-1325530337 > .col > .col-inner {\n  padding: 11px 0px 0px 0px;\n  background-color: rgb(255,255,255);\n}\n<\/style>\n<\/div>\n\n\t\t<\/div>\n\t\t\t\t\t<\/div>\n\n\t\n\n<\/div>\n\n\t\t<\/div>\n\t\t\t\t\t<\/div>\n\n\t\n\n\n<style>\n#row-70880102 > .col > .col-inner {\n  background-color: rgb(255,255,255);\n}\n<\/style>\n<\/div>\n\n\t\t<\/div>\n\t\t\t\t\t<\/div>\n\n\t\n\n\t<div id=\"col-47370775\" class=\"col medium-4 small-12 large-4\"  >\n\t\t\t\t<div class=\"col-inner\"  >\n\t\t\t\n\t\t\t\n\n<div class=\"row\"  id=\"row-1371616286\">\n\n\n\t<div id=\"col-131993614\" class=\"col small-12 large-12\"  >\n\t\t\t\t<div class=\"col-inner\"  >\n\t\t\t\n\t\t\t\n\n<div class=\"row row-collapse row-dashed\"  id=\"row-433432898\">\n\n\n\t<div id=\"col-881575361\" class=\"col small-12 large-12\"  >\n\t\t\t\t<div class=\"col-inner\"  >\n\t\t\t\n\t\t\t\n\n\t<div class=\"img has-hover x md-x lg-x y md-y lg-y\" id=\"image_281149218\">\n\t\t\t\t\t\t\t\t<div class=\"img-inner image-cover dark\" style=\"padding-top:65%;margin:0px 0px -47px 0px;\">\n\t\t\t<img decoding=\"async\" width=\"604\" height=\"340\" src=\"https:\/\/de.perfect-logistics.ch\/wp-content\/uploads\/2024\/11\/PNG-image-16-2.png\" class=\"attachment-large size-large\" alt=\"\" srcset=\"https:\/\/de.perfect-logistics.ch\/wp-content\/uploads\/2024\/11\/PNG-image-16-2.png 604w, https:\/\/de.perfect-logistics.ch\/wp-content\/uploads\/2024\/11\/PNG-image-16-2-300x169.png 300w\" sizes=\"(max-width: 604px) 100vw, 604px\" \/>\t\t\t\t\t\t\n\t\t\t\t\t<\/div>\n\t\t\t\t\t\t\t\t\n<style>\n#image_281149218 {\n  width: 100%;\n}\n<\/style>\n\t<\/div>\n\t\n\n<div class=\"row row-collapse align-center\" style=\"max-width:90%\" id=\"row-1433333223\">\n\n\n\t<div id=\"col-648354336\" class=\"col small-12 large-12\"  >\n\t\t\t\t<div class=\"col-inner\"  >\n\t\t\t\n\t\t\t\n\n\t<div id=\"text-242511809\" class=\"text\">\n\t\t\n\n<p style=\"text-align: center;\"><a href=\"https:\/\/de.perfect-logistics.ch\/index.php\/sea-freight\/\"><strong>SEEFACHT<\/strong><\/a><br \/><strong data-start=\"272\" data-end=\"323\">Flexibel , Gesicherte Kapazit\u00e4ten , Individuell<\/strong><\/p>\n\t\t\n<style>\n#text-242511809 {\n  text-align: center;\n  color: rgb(52, 50, 61);\n}\n#text-242511809 > * {\n  color: rgb(52, 50, 61);\n}\n<\/style>\n\t<\/div>\n\t\n\n\t\t<\/div>\n\t\t\t\t\t<\/div>\n\n\t\n\n\n<style>\n#row-1433333223 > .col > .col-inner {\n  padding: 11px 0px 0px 0px;\n  background-color: rgb(255,255,255);\n}\n<\/style>\n<\/div>\n\n\t\t<\/div>\n\t\t\t\t\t<\/div>\n\n\t\n\n<\/div>\n\n\t\t<\/div>\n\t\t\t\t\t<\/div>\n\n\t\n\n\n<style>\n#row-1371616286 > .col > .col-inner {\n  background-color: rgb(255,255,255);\n}\n<\/style>\n<\/div>\n\n\t\t<\/div>\n\t\t\t\t\t<\/div>\n\n\t\n\n\t<div id=\"col-223628652\" class=\"col medium-4 small-12 large-4\"  >\n\t\t\t\t<div class=\"col-inner\"  >\n\t\t\t\n\t\t\t\n\n<div class=\"row\"  id=\"row-147534614\">\n\n\n\t<div id=\"col-1113138889\" class=\"col small-12 large-12\"  >\n\t\t\t\t<div class=\"col-inner\"  >\n\t\t\t\n\t\t\t\n\n<div class=\"row row-collapse row-dashed\"  id=\"row-1318507295\">\n\n\n\t<div id=\"col-547708857\" class=\"col small-12 large-12\"  >\n\t\t\t\t<div class=\"col-inner\"  >\n\t\t\t\n\t\t\t\n\n\t<div class=\"img has-hover x md-x lg-x y md-y lg-y\" id=\"image_812285776\">\n\t\t\t\t\t\t\t\t<div class=\"img-inner image-cover dark\" style=\"padding-top:65%;margin:0px 0px -47px 0px;\">\n\t\t\t<img decoding=\"async\" width=\"1020\" height=\"679\" src=\"https:\/\/de.perfect-logistics.ch\/wp-content\/uploads\/2024\/11\/PNG-image-29-1024x682.png\" class=\"attachment-large size-large\" alt=\"\" srcset=\"https:\/\/de.perfect-logistics.ch\/wp-content\/uploads\/2024\/11\/PNG-image-29-1024x682.png 1024w, https:\/\/de.perfect-logistics.ch\/wp-content\/uploads\/2024\/11\/PNG-image-29-300x200.png 300w, https:\/\/de.perfect-logistics.ch\/wp-content\/uploads\/2024\/11\/PNG-image-29-768x512.png 768w, https:\/\/de.perfect-logistics.ch\/wp-content\/uploads\/2024\/11\/PNG-image-29.png 1280w\" sizes=\"(max-width: 1020px) 100vw, 1020px\" \/>\t\t\t\t\t\t\n\t\t\t\t\t<\/div>\n\t\t\t\t\t\t\t\t\n<style>\n#image_812285776 {\n  width: 100%;\n}\n<\/style>\n\t<\/div>\n\t\n\n<div class=\"row row-collapse align-center\" style=\"max-width:90%\" id=\"row-673485398\">\n\n\n\t<div id=\"col-1780318154\" class=\"col small-12 large-12\"  >\n\t\t\t\t<div class=\"col-inner\"  >\n\t\t\t\n\t\t\t\n\n\t<div id=\"text-2218523356\" class=\"text\">\n\t\t\n\n<p style=\"text-align: center;\"><strong><a href=\"https:\/\/de.perfect-logistics.ch\/index.php\/land\/\">LANDVERKEHR<\/a><br \/><\/strong><strong data-start=\"206\" data-end=\"248\">Offener Zugang , Umfassend , Kompetent<\/strong><\/p>\n\t\t\n<style>\n#text-2218523356 {\n  text-align: center;\n  color: rgb(52, 50, 61);\n}\n#text-2218523356 > * {\n  color: rgb(52, 50, 61);\n}\n<\/style>\n\t<\/div>\n\t\n\n\t\t<\/div>\n\t\t\t\t\t<\/div>\n\n\t\n\n\n<style>\n#row-673485398 > .col > .col-inner {\n  padding: 11px 0px 0px 0px;\n  background-color: rgb(255,255,255);\n}\n<\/style>\n<\/div>\n\n\t\t<\/div>\n\t\t\t\t\t<\/div>\n\n\t\n\n<\/div>\n\n\t\t<\/div>\n\t\t\t\t\t<\/div>\n\n\t\n\n\n<style>\n#row-147534614 > .col > .col-inner {\n  background-color: rgb(255,255,255);\n}\n<\/style>\n<\/div>\n\n\t\t<\/div>\n\t\t\t\t\t<\/div>\n\n\t\n\n<\/div>\n<div class=\"row\"  id=\"row-194456960\">\n\n\n\t<div id=\"col-1466497423\" class=\"col medium-4 small-12 large-4\"  >\n\t\t\t\t<div class=\"col-inner\"  >\n\t\t\t\n\t\t\t\n\n<div class=\"row\"  id=\"row-1075522686\">\n\n\n\t<div id=\"col-1038687710\" class=\"col small-12 large-12\"  >\n\t\t\t\t<div class=\"col-inner\"  >\n\t\t\t\n\t\t\t\n\n<div class=\"row row-collapse row-dashed\"  id=\"row-2055317722\">\n\n\n\t<div id=\"col-1441012770\" class=\"col small-12 large-12\"  >\n\t\t\t\t<div class=\"col-inner\"  >\n\t\t\t\n\t\t\t\n\n\t<div class=\"img has-hover x md-x lg-x y md-y lg-y\" id=\"image_174465531\">\n\t\t\t\t\t\t\t\t<div class=\"img-inner image-cover dark\" style=\"padding-top:65%;margin:0px 0px -47px 0px;\">\n\t\t\t<img loading=\"lazy\" decoding=\"async\" width=\"600\" height=\"287\" src=\"https:\/\/de.perfect-logistics.ch\/wp-content\/uploads\/2024\/11\/PNG-image-20.png\" class=\"attachment-large size-large\" alt=\"\" srcset=\"https:\/\/de.perfect-logistics.ch\/wp-content\/uploads\/2024\/11\/PNG-image-20.png 600w, https:\/\/de.perfect-logistics.ch\/wp-content\/uploads\/2024\/11\/PNG-image-20-300x144.png 300w\" sizes=\"(max-width: 600px) 100vw, 600px\" \/>\t\t\t\t\t\t\n\t\t\t\t\t<\/div>\n\t\t\t\t\t\t\t\t\n<style>\n#image_174465531 {\n  width: 100%;\n}\n<\/style>\n\t<\/div>\n\t\n\n<div class=\"row row-collapse align-center\" style=\"max-width:90%\" id=\"row-365891495\">\n\n\n\t<div id=\"col-1382075693\" class=\"col small-12 large-12\"  >\n\t\t\t\t<div class=\"col-inner\"  >\n\t\t\t\n\t\t\t\n\n\t<div id=\"text-3863247729\" class=\"text\">\n\t\t\n\n<p style=\"text-align: center;\" data-start=\"655\" data-end=\"680\"><strong data-start=\"659\" data-end=\"678\"><a href=\"https:\/\/de.perfect-logistics.ch\/index.php\/project\/\">PROJEKTLOGISTIK<\/a><br \/><\/strong><strong data-start=\"229\" data-end=\"273\">Projektkompetenz , Zuverl\u00e4ssig , Geplant<\/strong><\/p>\n\t\t\n<style>\n#text-3863247729 {\n  text-align: center;\n  color: rgb(52, 50, 61);\n}\n#text-3863247729 > * {\n  color: rgb(52, 50, 61);\n}\n<\/style>\n\t<\/div>\n\t\n\n\t\t<\/div>\n\t\t\t\t\t<\/div>\n\n\t\n\n\n<style>\n#row-365891495 > .col > .col-inner {\n  padding: 11px 0px 0px 0px;\n  background-color: rgb(255,255,255);\n}\n<\/style>\n<\/div>\n\n\t\t<\/div>\n\t\t\t\t\t<\/div>\n\n\t\n\n<\/div>\n\n\t\t<\/div>\n\t\t\t\t\t<\/div>\n\n\t\n\n\n<style>\n#row-1075522686 > .col > .col-inner {\n  background-color: rgb(255,255,255);\n}\n<\/style>\n<\/div>\n\n\t\t<\/div>\n\t\t\t\t\t<\/div>\n\n\t\n\n\t<div id=\"col-1192987661\" class=\"col medium-4 small-12 large-4\"  >\n\t\t\t\t<div class=\"col-inner\"  >\n\t\t\t\n\t\t\t\n\n<div class=\"row\"  id=\"row-1291185005\">\n\n\n\t<div id=\"col-884978761\" class=\"col small-12 large-12\"  >\n\t\t\t\t<div class=\"col-inner\"  >\n\t\t\t\n\t\t\t\n\n<div class=\"row row-collapse row-dashed\"  id=\"row-930730184\">\n\n\n\t<div id=\"col-1578781733\" class=\"col small-12 large-12\"  >\n\t\t\t\t<div class=\"col-inner\"  >\n\t\t\t\n\t\t\t\n\n\t<div class=\"img has-hover x md-x lg-x y md-y lg-y\" id=\"image_548645345\">\n\t\t\t\t\t\t\t\t<div class=\"img-inner image-cover dark\" style=\"padding-top:65%;margin:0px 0px -47px 0px;\">\n\t\t\t<img loading=\"lazy\" decoding=\"async\" width=\"1020\" height=\"679\" src=\"https:\/\/de.perfect-logistics.ch\/wp-content\/uploads\/2024\/11\/PNG-image-38-1024x682.png\" class=\"attachment-large size-large\" alt=\"\" srcset=\"https:\/\/de.perfect-logistics.ch\/wp-content\/uploads\/2024\/11\/PNG-image-38-1024x682.png 1024w, https:\/\/de.perfect-logistics.ch\/wp-content\/uploads\/2024\/11\/PNG-image-38-300x200.png 300w, https:\/\/de.perfect-logistics.ch\/wp-content\/uploads\/2024\/11\/PNG-image-38-768x512.png 768w, https:\/\/de.perfect-logistics.ch\/wp-content\/uploads\/2024\/11\/PNG-image-38.png 1280w\" sizes=\"(max-width: 1020px) 100vw, 1020px\" \/>\t\t\t\t\t\t\n\t\t\t\t\t<\/div>\n\t\t\t\t\t\t\t\t\n<style>\n#image_548645345 {\n  width: 100%;\n}\n<\/style>\n\t<\/div>\n\t\n\n<div class=\"row row-collapse align-center\" style=\"max-width:90%\" id=\"row-1965750320\">\n\n\n\t<div id=\"col-103657101\" class=\"col small-12 large-12\"  >\n\t\t\t\t<div class=\"col-inner\"  >\n\t\t\t\n\t\t\t\n\n\t<div id=\"text-2432873195\" class=\"text\">\n\t\t\n\n<p style=\"text-align: center;\"><a href=\"https:\/\/de.perfect-logistics.ch\/index.php\/value-added\/\"><strong>MEHRWERTDIENSTE<\/strong><\/a><br \/>Zollabwicklung , Globales Netzwerk , T\u00fcr-zu-T\u00fcr-Lieferungen<\/p>\n\t\t\n<style>\n#text-2432873195 {\n  text-align: center;\n  color: rgb(52, 50, 61);\n}\n#text-2432873195 > * {\n  color: rgb(52, 50, 61);\n}\n<\/style>\n\t<\/div>\n\t\n\n\t\t<\/div>\n\t\t\t\t\t<\/div>\n\n\t\n\n\n<style>\n#row-1965750320 > .col > .col-inner {\n  padding: 11px 0px 0px 0px;\n  background-color: rgb(255,255,255);\n}\n<\/style>\n<\/div>\n\n\t\t<\/div>\n\t\t\t\t\t<\/div>\n\n\t\n\n<\/div>\n\n\t\t<\/div>\n\t\t\t\t\t<\/div>\n\n\t\n\n\n<style>\n#row-1291185005 > .col > .col-inner {\n  background-color: rgb(255,255,255);\n}\n<\/style>\n<\/div>\n\n\t\t<\/div>\n\t\t\t\t\t<\/div>\n\n\t\n\n\t<div id=\"col-202609317\" class=\"col medium-4 small-12 large-4\"  >\n\t\t\t\t<div class=\"col-inner\"  >\n\t\t\t\n\t\t\t\n\n<div class=\"row\"  id=\"row-1925757071\">\n\n\n\t<div id=\"col-998627351\" class=\"col small-12 large-12\"  >\n\t\t\t\t<div class=\"col-inner\"  >\n\t\t\t\n\t\t\t\n\n<div class=\"row row-collapse row-dashed\"  id=\"row-1463171974\">\n\n\n\t<div id=\"col-1542743693\" class=\"col small-12 large-12\"  >\n\t\t\t\t<div class=\"col-inner\"  >\n\t\t\t\n\t\t\t\n\n\t<div class=\"img has-hover x md-x lg-x y md-y lg-y\" id=\"image_1242858655\">\n\t\t\t\t\t\t\t\t<div class=\"img-inner image-cover dark\" style=\"padding-top:65%;margin:0px 0px -47px 0px;\">\n\t\t\t<img loading=\"lazy\" decoding=\"async\" width=\"1020\" height=\"679\" src=\"https:\/\/de.perfect-logistics.ch\/wp-content\/uploads\/2024\/11\/PNG-image-11-1024x682.png\" class=\"attachment-large size-large\" alt=\"\" srcset=\"https:\/\/de.perfect-logistics.ch\/wp-content\/uploads\/2024\/11\/PNG-image-11-1024x682.png 1024w, https:\/\/de.perfect-logistics.ch\/wp-content\/uploads\/2024\/11\/PNG-image-11-300x200.png 300w, https:\/\/de.perfect-logistics.ch\/wp-content\/uploads\/2024\/11\/PNG-image-11-768x512.png 768w, https:\/\/de.perfect-logistics.ch\/wp-content\/uploads\/2024\/11\/PNG-image-11.png 1280w\" sizes=\"(max-width: 1020px) 100vw, 1020px\" \/>\t\t\t\t\t\t\n\t\t\t\t\t<\/div>\n\t\t\t\t\t\t\t\t\n<style>\n#image_1242858655 {\n  width: 100%;\n}\n<\/style>\n\t<\/div>\n\t\n\n<div class=\"row row-collapse align-center\" style=\"max-width:90%\" id=\"row-1817731748\">\n\n\n\t<div id=\"col-1826044532\" class=\"col small-12 large-12\"  >\n\t\t\t\t<div class=\"col-inner\"  >\n\t\t\t\n\t\t\t\n\n\t<div id=\"text-2747809939\" class=\"text\">\n\t\t\n\n<p style=\"text-align: center;\"><a href=\"https:\/\/de.perfect-logistics.ch\/index.php\/services-2\/\"><strong>WEITERE DIENSTLEISTUNGEN<\/strong><\/a><br \/>Kundenorientierter Ansatz , Individuelle Servicekonzepte<\/p>\n\t\t\n<style>\n#text-2747809939 {\n  text-align: center;\n  color: rgb(52, 50, 61);\n}\n#text-2747809939 > * {\n  color: rgb(52, 50, 61);\n}\n<\/style>\n\t<\/div>\n\t\n\n\t\t<\/div>\n\t\t\t\t\t<\/div>\n\n\t\n\n\n<style>\n#row-1817731748 > .col > .col-inner {\n  padding: 11px 0px 0px 0px;\n  background-color: rgb(255,255,255);\n}\n<\/style>\n<\/div>\n\n\t\t<\/div>\n\t\t\t\t\t<\/div>\n\n\t\n\n<\/div>\n\n\t\t<\/div>\n\t\t\t\t\t<\/div>\n\n\t\n\n\n<style>\n#row-1925757071 > .col > .col-inner {\n  background-color: rgb(255,255,255);\n}\n<\/style>\n<\/div>\n\n\t\t<\/div>\n\t\t\t\t\t<\/div>\n\n\t\n\n<\/div>\n\n\t\t<\/div>\n\n\t\t\n<style>\n#section_969240879 {\n  padding-top: &quot;70px&quot;;\n  padding-bottom: &quot;70px&quot;;\n  background-color: rgb(18, 41, 73);\n}\n@media (min-width:550px) {\n  #section_969240879 {\n    padding-top: 30px;\n    padding-bottom: 30px;\n  }\n}\n<\/style>\n\t<\/section>\n\t\n\n","protected":false},"excerpt":{"rendered":"Wir vereinfachen Ihre Transport- und Logistikprozesse \u2013 pers\u00f6nlich, effizient und zuverl\u00e4ssig. Mehr erfahren Dienstleistungen LUFTFRACHTProfessionell , Flexibel , Schnell , Effizient SEEFACHTFlexibel , Gesicherte Kapazit\u00e4ten , Individuell LANDVERKEHROffener Zugang , Umfassend , Kompetent PROJEKTLOGISTIKProjektkompetenz , Zuverl\u00e4ssig , Geplant MEHRWERTDIENSTEZollabwicklung , Globales Netzwerk , T\u00fcr-zu-T\u00fcr-Lieferungen WEITERE DIENSTLEISTUNGENKundenorientierter Ansatz , Individuelle Servicekonzepte","protected":false},"author":1,"featured_media":0,"parent":0,"menu_order":0,"comment_status":"closed","ping_status":"closed","template":"elementor_header_footer","meta":{"footnotes":""},"class_list":["post-334","page","type-page","status-publish","hentry"],"_links":{"self":[{"href":"https:\/\/de.perfect-logistics.ch\/index.php\/wp-json\/wp\/v2\/pages\/334","targetHints":{"allow":["GET"]}}],"collection":[{"href":"https:\/\/de.perfect-logistics.ch\/index.php\/wp-json\/wp\/v2\/pages"}],"about":[{"href":"https:\/\/de.perfect-logistics.ch\/index.php\/wp-json\/wp\/v2\/types\/page"}],"author":[{"embeddable":true,"href":"https:\/\/de.perfect-logistics.ch\/index.php\/wp-json\/wp\/v2\/users\/1"}],"replies":[{"embeddable":true,"href":"https:\/\/de.perfect-logistics.ch\/index.php\/wp-json\/wp\/v2\/comments?post=334"}],"version-history":[{"count":10,"href":"https:\/\/de.perfect-logistics.ch\/index.php\/wp-json\/wp\/v2\/pages\/334\/revisions"}],"predecessor-version":[{"id":727,"href":"https:\/\/de.perfect-logistics.ch\/index.php\/wp-json\/wp\/v2\/pages\/334\/revisions\/727"}],"wp:attachment":[{"href":"https:\/\/de.perfect-logistics.ch\/index.php\/wp-json\/wp\/v2\/media?parent=334"}],"curies":[{"name":"wp","href":"https:\/\/api.w.org\/{rel}","templated":true}]}}