{"id":128,"date":"2024-10-13T09:24:42","date_gmt":"2024-10-13T09:24:42","guid":{"rendered":"https:\/\/plg-log.site\/?page_id=128"},"modified":"2025-12-30T07:24:42","modified_gmt":"2025-12-30T07:24:42","slug":"about-us","status":"publish","type":"page","link":"https:\/\/de.perfect-logistics.ch\/index.php\/about-us\/","title":{"rendered":"About us"},"content":{"rendered":"\n\t<section class=\"section\" id=\"section_1599985294\">\n\t\t<div class=\"bg section-bg fill bg-fill  bg-loaded\" >\n\n\t\t\t\n\t\t\t\n\t\t\t\n\n\t\t<\/div>\n\n\t\t\n\n\t\t<div class=\"section-content relative\">\n\t\t\t\n\n<div class=\"row row-collapse row-full-width align-middle\"  id=\"row-1043053436\">\n\n\n\t<div id=\"col-1465148907\" class=\"col medium-12 large-7\"  >\n\t\t\t\t<div class=\"col-inner\"  >\n\t\t\t\n\t\t\t\n\n\t<div id=\"gap-1912578549\" class=\"gap-element clearfix\" style=\"display:block; height:auto;\">\n\t\t\n<style>\n#gap-1912578549 {\n  padding-top: 30px;\n}\n<\/style>\n\t<\/div>\n\t\n\n\t<div id=\"text-4215709992\" class=\"text\">\n\t\t\n\n<h2>\u00dcber uns<\/h2>\n\t\t\n<style>\n#text-4215709992 {\n  font-size: 1.25rem;\n  color: rgb(20, 47, 79);\n}\n#text-4215709992 > * {\n  color: rgb(20, 47, 79);\n}\n@media (min-width:550px) {\n  #text-4215709992 {\n    font-size: 1.5rem;\n  }\n}\n<\/style>\n\t<\/div>\n\t\n\t<div id=\"text-552126789\" class=\"text\">\n\t\t\n\n<p><strong>\u00dcber Perfect Logistics<\/strong><\/p>\n<p data-start=\"232\" data-end=\"434\">Gegr\u00fcndet im Jahr 2006 in der Schweiz, ist Perfect Logistics (PLG) ein zuverl\u00e4ssiger Anbieter von Speditions- und Logistikdienstleistungen mit Schwerpunkt auf nationalen und internationalen Transporten. Unser Leistungsspektrum umfasst ein breites Angebot an L\u00f6sungen in der Luft-, Stra\u00dfen- und Seefracht. Als global agierende Spedition gew\u00e4hrleisten wir den reibungslosen Transport Ihrer Waren zu Destinationen weltweit \u2013 effizient, sicher und termingerecht.<\/p>\n<p>Mit einem Netzwerk von 245 Niederlassungen in \u00fcber 100 L\u00e4ndern bietet PLG eine Vielzahl ma\u00dfgeschneiderter Logistikl\u00f6sungen, um den unterschiedlichen Anforderungen unserer Kunden gerecht zu werden. Unsere Mission ist klar definiert: die internationalen Fracht- und Supply-Chain-Anforderungen unserer Kunden zuverl\u00e4ssig zu erf\u00fcllen. Dieses Engagement bildet seit unserer Gr\u00fcndung die Grundlage unseres Erfolgs und spiegelt sich in der hohen Qualit\u00e4t unserer Dienstleistungen wider. Kunden und Partner erleben t\u00e4glich den Mehrwert einer Zusammenarbeit mit Perfect Logistics.<\/p>\n\t\t\n<style>\n#text-552126789 {\n  color: rgb(20, 47, 79);\n}\n#text-552126789 > * {\n  color: rgb(20, 47, 79);\n}\n<\/style>\n\t<\/div>\n\t\n\t<div id=\"gap-801360645\" class=\"gap-element clearfix\" style=\"display:block; height:auto;\">\n\t\t\n<style>\n#gap-801360645 {\n  padding-top: 40px;\n}\n<\/style>\n\t<\/div>\n\t\n\n\n\t\t<\/div>\n\t\t\t\t\n<style>\n#col-1465148907 > .col-inner {\n  padding: 20px 20px 20px 20px;\n}\n@media (min-width:550px) {\n  #col-1465148907 > .col-inner {\n    padding: 30px 50px 40px 50px;\n  }\n}\n@media (min-width:850px) {\n  #col-1465148907 > .col-inner {\n    padding: 0px 20% 0px 15%;\n  }\n}\n<\/style>\n\t<\/div>\n\n\t\n\n\t<div id=\"col-720977330\" class=\"col medium-12 large-4\"  >\n\t\t\t\t<div class=\"col-inner\"  >\n\t\t\t\n\t\t\t\n\n\t<div class=\"img has-hover x md-x lg-x y md-y lg-y\" id=\"image_1079082900\">\n\t\t\t\t\t\t\t\t<div class=\"img-inner image-cover dark\" style=\"padding-top:150%;\">\n\t\t\t<img fetchpriority=\"high\" decoding=\"async\" width=\"235\" height=\"300\" src=\"https:\/\/de.perfect-logistics.ch\/wp-content\/uploads\/2024\/12\/plgg-copy-235x300.png\" class=\"attachment-medium size-medium\" alt=\"\" srcset=\"https:\/\/de.perfect-logistics.ch\/wp-content\/uploads\/2024\/12\/plgg-copy-235x300.png 235w, https:\/\/de.perfect-logistics.ch\/wp-content\/uploads\/2024\/12\/plgg-copy-801x1024.png 801w, https:\/\/de.perfect-logistics.ch\/wp-content\/uploads\/2024\/12\/plgg-copy-768x981.png 768w, https:\/\/de.perfect-logistics.ch\/wp-content\/uploads\/2024\/12\/plgg-copy.png 1080w\" sizes=\"(max-width: 235px) 100vw, 235px\" \/>\t\t\t\t\t\t\n\t\t\t\t\t<\/div>\n\t\t\t\t\t\t\t\t\n<style>\n#image_1079082900 {\n  width: 100%;\n}\n<\/style>\n\t<\/div>\n\t\n\n\n\t\t<\/div>\n\t\t\t\t\t<\/div>\n\n\t\n\n<\/div>\n\n\t\t<\/div>\n\n\t\t\n<style>\n#section_1599985294 {\n  padding-top: 0px;\n  padding-bottom: 0px;\n  background-color: rgb(249, 249, 249);\n}\n<\/style>\n\t<\/section>\n\t\n\t<section class=\"section dark\" id=\"section_1660568237\">\n\t\t<div class=\"bg section-bg fill bg-fill  bg-loaded\" >\n\n\t\t\t\n\t\t\t\n\t\t\t\n\n\t\t<\/div>\n\n\t\t\n\n\t\t<div class=\"section-content relative\">\n\t\t\t\n\n<div class=\"row align-center\"  id=\"row-1056747911\">\n\n\n\t<div id=\"col-576535852\" class=\"col medium-10 small-12 large-12\"  >\n\t\t\t\t<div class=\"col-inner\"  >\n\t\t\t\n\t\t\t\n\n<div class=\"row align-center\"  id=\"row-501444166\">\n\n\n\t<div id=\"col-137006241\" class=\"col small-12 large-12\"  >\n\t\t\t\t<div class=\"col-inner text-center\"  >\n\t\t\t\n\t\t\t\n\n\t<div id=\"gap-1779926111\" class=\"gap-element clearfix\" style=\"display:block; height:auto;\">\n\t\t\n<style>\n#gap-1779926111 {\n  padding-top: 10px;\n}\n<\/style>\n\t<\/div>\n\t\n\n\t<div id=\"text-3684673216\" class=\"text\">\n\t\t\n\n<h1>Wir verstehen uns als professioneller und verl\u00e4sslicher Logistikpartner, der konsequent nach seinen Werten handelt. Unsere Vision verfolgen wir, indem wir als kompetenter Partner zur Optimierung der Lieferketten unserer Kunden beitragen.<\/h1>\n\t\t\n<style>\n#text-3684673216 {\n  text-align: left;\n  color: rgb(255, 255, 255);\n}\n#text-3684673216 > * {\n  color: rgb(255, 255, 255);\n}\n<\/style>\n\t<\/div>\n\t\n\n\t\t<\/div>\n\t\t\t\t\n<style>\n#col-137006241 > .col-inner {\n  margin: -40px 0px 0px 0px;\n}\n<\/style>\n\t<\/div>\n\n\t\n\n<\/div>\n\n\t\t<\/div>\n\t\t\t\t\n<style>\n#col-576535852 > .col-inner {\n  padding: 60px 0px 0px 0px;\n}\n<\/style>\n\t<\/div>\n\n\t\n\n<\/div>\n\n\t\t<\/div>\n\n\t\t\n<style>\n#section_1660568237 {\n  padding-top: 30px;\n  padding-bottom: 30px;\n  background-color: rgb(141, 141, 141);\n}\n<\/style>\n\t<\/section>\n\t\n\t<section class=\"section dark has-parallax\" id=\"section_412493589\">\n\t\t<div class=\"bg section-bg fill bg-fill  \" data-parallax-container=\".section\" data-parallax-background data-parallax=\"-10\">\n\n\t\t\t\n\t\t\t<div class=\"section-bg-overlay absolute fill\"><\/div>\n\t\t\t\n\n\t\t<\/div>\n\n\t\t\n\n\t\t<div class=\"section-content relative\">\n\t\t\t\n\n\t<div id=\"gap-120798644\" class=\"gap-element clearfix\" style=\"display:block; height:auto;\">\n\t\t\n<style>\n#gap-120798644 {\n  padding-top: 30px;\n}\n<\/style>\n\t<\/div>\n\t\n\n<div class=\"row align-center\"  id=\"row-923047335\">\n\n\n\t<div id=\"col-2077081907\" class=\"col medium-7 small-12 large-9\"  >\n\t\t\t\t<div class=\"col-inner text-center\"  >\n\t\t\t\n\t\t\t\n\n<p><span style=\"font-size: 250%;\">Mission | Vision | Werte<\/span><\/p>\n<h3>Erfahren Sie mehr \u00fcber unsere Mission, Vision und Werte \u2013 die Leitprinzipien, die unser t\u00e4gliches Handeln bestimmen und unseren Anspruch an h\u00f6chste Qualit\u00e4t widerspiegeln.<\/h3>\n\n\t\t<\/div>\n\t\t\t\t\t<\/div>\n\n\t\n\n<\/div>\n\n\t\t<\/div>\n\n\t\t\n<style>\n#section_412493589 {\n  padding-top: 30px;\n  padding-bottom: 30px;\n  min-height: 290px;\n}\n#section_412493589 .section-bg-overlay {\n  background-color: rgba(0, 0, 0, 0.645);\n}\n#section_412493589 .section-bg.bg-loaded {\n  background-image: url(https:\/\/de.perfect-logistics.ch\/wp-content\/uploads\/2024\/12\/photo_2024-12-02_17-28-23.jpg);\n}\n#section_412493589 .section-bg {\n  background-position: 51% 18%;\n}\n@media (min-width:550px) {\n  #section_412493589 {\n    min-height: 300px;\n  }\n}\n<\/style>\n\t<\/section>\n\t\n\t<section class=\"section\" id=\"section_872050593\">\n\t\t<div class=\"bg section-bg fill bg-fill  bg-loaded\" >\n\n\t\t\t\n\t\t\t\n\t\t\t\n\n\t\t<\/div>\n\n\t\t\n\n\t\t<div class=\"section-content relative\">\n\t\t\t\n\n\t<div id=\"gap-2095986541\" class=\"gap-element clearfix\" style=\"display:block; height:auto;\">\n\t\t\n<style>\n#gap-2095986541 {\n  padding-top: 30px;\n}\n<\/style>\n\t<\/div>\n\t\n\n<div class=\"row row-large\"  id=\"row-294163274\">\n\n\n\t<div id=\"col-832644845\" class=\"col medium-4 small-12 large-4\"  >\n\t\t\t\t<div class=\"col-inner text-center\" style=\"background-color:rgb(229, 229, 229);\" >\n\t\t\t\n\t\t\t\n\n<div class=\"row row-collapse row-solid\"  id=\"row-1948002162\">\n\n\n\t<div id=\"col-1924512097\" class=\"col small-12 large-12\"  >\n\t\t\t\t<div class=\"col-inner\"  >\n\t\t\t\n\t\t\t\n\n\t<div id=\"text-1775678859\" class=\"text\">\n\t\t\n\n<h3>Mission<\/h3>\n<p data-start=\"1738\" data-end=\"1967\">Unser Ziel ist es, als einer der vertrauensw\u00fcrdigsten und innovativsten globalen Logistikanbieter anerkannt zu werden und die Zukunft der Speditionsbranche durch moderne Technologien und nachhaltige L\u00f6sungen aktiv mitzugestalten.Wir verpflichten uns zu schnellen, zuverl\u00e4ssigen und kosteneffizienten Dienstleistungen in der Luft-, See- und Stra\u00dfentransportlogistik und sorgen daf\u00fcr, dass Waren weltweit sicher und effizient \u00fcber internationale Grenzen hinweg transportiert werden.<\/p>\n\t\t\n<style>\n#text-1775678859 {\n  text-align: left;\n  color: rgb(47, 47, 47);\n}\n#text-1775678859 > * {\n  color: rgb(47, 47, 47);\n}\n<\/style>\n\t<\/div>\n\t\n\n\t\t<\/div>\n\t\t\t\t\t<\/div>\n\n\t\n\n<\/div>\n\n\t\t<\/div>\n\t\t\t\t\t<\/div>\n\n\t\n\n\t<div id=\"col-1625734550\" class=\"col medium-4 small-12 large-4\"  >\n\t\t\t\t<div class=\"col-inner text-center\" style=\"background-color:rgb(229, 229, 229);\" >\n\t\t\t\n\t\t\t\n\n<div class=\"row row-collapse row-solid\"  id=\"row-1646577157\">\n\n\n\t<div id=\"col-35256833\" class=\"col small-12 large-12\"  >\n\t\t\t\t<div class=\"col-inner\"  >\n\t\t\t\n\t\t\t\n\n\t<div id=\"text-458554367\" class=\"text\">\n\t\t\n\n<h3>Vision<\/h3>\n<p data-start=\"2242\" data-end=\"2603\">Unsere Vision ist es, den Mehrwert der Lieferketten unserer Kunden nachhaltig zu steigern, indem wir als vertrauensw\u00fcrdiger Speditionspartner agieren. Dies erreichen wir durch individuell zugeschnittene Logistikl\u00f6sungen, konsequente Kostenoptimierung sowie durch die Nutzung unserer starken und langj\u00e4hrigen Partnerschaften mit Frachtf\u00fchrern und Dienstleistern.Der Unterschied einer Zusammenarbeit mit Perfect Logistics ist sowohl f\u00fcr unsere Kunden als auch f\u00fcr unsere Gesch\u00e4ftspartner klar sp\u00fcrbar \u2013 durch leistungsorientierte, effiziente und hochwertige Logistikservices.<\/p>\n\t\t\n<style>\n#text-458554367 {\n  text-align: left;\n  color: rgb(47, 47, 47);\n}\n#text-458554367 > * {\n  color: rgb(47, 47, 47);\n}\n<\/style>\n\t<\/div>\n\t\n\n\t\t<\/div>\n\t\t\t\t\t<\/div>\n\n\t\n\n<\/div>\n\n\t\t<\/div>\n\t\t\t\t\t<\/div>\n\n\t\n\n\t<div id=\"col-1348397564\" class=\"col medium-4 small-12 large-4\"  >\n\t\t\t\t<div class=\"col-inner text-center\" style=\"background-color:rgb(229, 229, 229);\" >\n\t\t\t\n\t\t\t\n\n<div class=\"row row-collapse row-solid\"  id=\"row-802800392\">\n\n\n\t<div id=\"col-150877144\" class=\"col small-12 large-12\"  >\n\t\t\t\t<div class=\"col-inner\"  >\n\t\t\t\n\t\t\t\n\n\t<div id=\"text-2920778179\" class=\"text\">\n\t\t\n\n<h3>Werte<\/h3>\n<ul>\n<li><strong>Kundenorientierung:<\/strong> Die Bed\u00fcrfnisse unserer Kunden stehen stets im Mittelpunkt unseres Handelns.<\/li>\n<li><strong>Exzellenz:<\/strong> Wir streben h\u00f6chste Standards in Servicequalit\u00e4t und operativer Effizienz an.<\/li>\n<li><strong>Integrit\u00e4t:<\/strong> Wir handeln transparent, ehrlich und respektvoll in all unseren Gesch\u00e4ftsbeziehungen.<\/li>\n<li><strong>Innovation:<\/strong> Wir suchen kontinuierlich nach neuen und besseren L\u00f6sungen zur Optimierung von Logistik- und Transportprozessen.<\/li>\n<li><strong>Nachhaltigkeit:<\/strong> Wir verpflichten uns zu umweltbewussten und verantwortungsvollen Gesch\u00e4ftspraktiken.<\/li>\n<\/ul>\n\t\t\n<style>\n#text-2920778179 {\n  text-align: left;\n  color: rgb(47, 47, 47);\n}\n#text-2920778179 > * {\n  color: rgb(47, 47, 47);\n}\n<\/style>\n\t<\/div>\n\t\n\n\t\t<\/div>\n\t\t\t\t\t<\/div>\n\n\t\n\n<\/div>\n\n\t\t<\/div>\n\t\t\t\t\t<\/div>\n\n\t\n\n<\/div>\n\n\t\t<\/div>\n\n\t\t\n<style>\n#section_872050593 {\n  padding-top: 20px;\n  padding-bottom: 20px;\n  background-color: rgb(20, 47, 79);\n}\n@media (min-width:550px) {\n  #section_872050593 {\n    padding-top: 55px;\n    padding-bottom: 55px;\n  }\n}\n<\/style>\n\t<\/section>\n\t\n\n","protected":false},"excerpt":{"rendered":"\u00dcber uns \u00dcber Perfect Logistics Gegr\u00fcndet im Jahr 2006 in der Schweiz, ist Perfect Logistics (PLG) ein zuverl\u00e4ssiger Anbieter von Speditions- und Logistikdienstleistungen mit Schwerpunkt auf nationalen und internationalen Transporten. Unser Leistungsspektrum umfasst ein breites Angebot an L\u00f6sungen in der Luft-, Stra\u00dfen- und Seefracht. Als global agierende Spedition gew\u00e4hrleisten wir den reibungslosen Transport Ihrer Waren [...]","protected":false},"author":1,"featured_media":0,"parent":0,"menu_order":0,"comment_status":"closed","ping_status":"closed","template":"elementor_header_footer","meta":{"footnotes":""},"class_list":["post-128","page","type-page","status-publish","hentry"],"_links":{"self":[{"href":"https:\/\/de.perfect-logistics.ch\/index.php\/wp-json\/wp\/v2\/pages\/128","targetHints":{"allow":["GET"]}}],"collection":[{"href":"https:\/\/de.perfect-logistics.ch\/index.php\/wp-json\/wp\/v2\/pages"}],"about":[{"href":"https:\/\/de.perfect-logistics.ch\/index.php\/wp-json\/wp\/v2\/types\/page"}],"author":[{"embeddable":true,"href":"https:\/\/de.perfect-logistics.ch\/index.php\/wp-json\/wp\/v2\/users\/1"}],"replies":[{"embeddable":true,"href":"https:\/\/de.perfect-logistics.ch\/index.php\/wp-json\/wp\/v2\/comments?post=128"}],"version-history":[{"count":1,"href":"https:\/\/de.perfect-logistics.ch\/index.php\/wp-json\/wp\/v2\/pages\/128\/revisions"}],"predecessor-version":[{"id":705,"href":"https:\/\/de.perfect-logistics.ch\/index.php\/wp-json\/wp\/v2\/pages\/128\/revisions\/705"}],"wp:attachment":[{"href":"https:\/\/de.perfect-logistics.ch\/index.php\/wp-json\/wp\/v2\/media?parent=128"}],"curies":[{"name":"wp","href":"https:\/\/api.w.org\/{rel}","templated":true}]}}